{"id":987504922,"date":"2024-05-01T16:37:09","date_gmt":"2024-05-01T16:37:09","guid":{"rendered":"https:\/\/biofrischvomemmerich.be\/politique-de-confidentialite\/"},"modified":"2024-06-27T15:37:49","modified_gmt":"2024-06-27T15:37:49","slug":"politique-de-confidentialite","status":"publish","type":"page","link":"https:\/\/biofrischvomemmerich.be\/nl\/politique-de-confidentialite\/","title":{"rendered":"Politique de confidentialit\u00e9"},"content":{"rendered":"<p>[et_pb_section fb_built=&#8221;1&#8243; _builder_version=&#8221;4.25.0&#8243; _module_preset=&#8221;default&#8221; background_color=&#8221;rgba(0,0,0,0.6)&#8221; background_image=&#8221;https:\/\/biofrischvomemmerich.be\/wp-content\/uploads\/2024\/05\/slider1-biofrischvomemmerich.png&#8221; background_blend=&#8221;darken&#8221; custom_padding=&#8221;61px||61px||true|&#8221; global_colors_info=&#8221;{}&#8221;][et_pb_row _builder_version=&#8221;4.25.0&#8243; _module_preset=&#8221;default&#8221; global_colors_info=&#8221;{}&#8221;][et_pb_column type=&#8221;4_4&#8243; _builder_version=&#8221;4.25.0&#8243; _module_preset=&#8221;default&#8221; global_colors_info=&#8221;{}&#8221;][et_pb_text _builder_version=&#8221;4.25.0&#8243; _module_preset=&#8221;default&#8221; text_font=&#8221;Handlee|700|||||||&#8221; text_text_color=&#8221;#FFFFFF&#8221; text_font_size=&#8221;35px&#8221; text_line_height=&#8221;1.5em&#8221; text_orientation=&#8221;center&#8221; global_colors_info=&#8221;{}&#8221; text_text_color__hover_enabled=&#8221;on|hover&#8221; text_text_color__hover=&#8221;#FFFFFF&#8221;]<\/p>\n<p>Politique de confidentialit\u00e9<\/p>\n<p>[\/et_pb_text][\/et_pb_column][\/et_pb_row][\/et_pb_section][et_pb_section fb_built=&#8221;1&#8243; admin_label=&#8221;Call to Action&#8221; _builder_version=&#8221;4.17.6&#8243; _module_preset=&#8221;10c8c578-d15f-4d82-b9b7-63e3b98b81bf&#8221; custom_margin=&#8221;||0px||false|false&#8221; custom_padding=&#8221;||||false|false&#8221; global_colors_info=&#8221;{}&#8221;][et_pb_row _builder_version=&#8221;4.25.0&#8243; _module_preset=&#8221;default&#8221; custom_padding=&#8221;0px||||false|false&#8221; global_colors_info=&#8221;{}&#8221;][et_pb_column type=&#8221;4_4&#8243; _builder_version=&#8221;4.17.3&#8243; _module_preset=&#8221;default&#8221; global_colors_info=&#8221;{}&#8221;][et_pb_text _builder_version=&#8221;4.25.0&#8243; _module_preset=&#8221;default&#8221; text_font=&#8221;Poppins||||||||&#8221; text_text_color=&#8221;#000000&#8243; text_line_height=&#8221;1.8em&#8221; header_font=&#8221;Handlee||||||||&#8221; header_2_font=&#8221;Handlee|700|||||||&#8221; header_2_text_color=&#8221;#000000&#8243; header_2_line_height=&#8221;1.8em&#8221; text_font_size_tablet=&#8221;16px&#8221; text_font_size_phone=&#8221;14px&#8221; text_font_size_last_edited=&#8221;on|tablet&#8221; header_font_size_tablet=&#8221;55px&#8221; header_font_size_last_edited=&#8221;off|desktop&#8221; header_2_font_size_tablet=&#8221;26px&#8221; header_2_font_size_phone=&#8221;26px&#8221; header_2_font_size_last_edited=&#8221;on|phone&#8221; locked=&#8221;off&#8221; global_colors_info=&#8221;{}&#8221;]<\/p>\n<h2>A. Introduction<\/h2>\n<p>1. La vie priv\u00e9e des visiteurs de notre site Web est tr\u00e8s importante pour nous, et nous nous engageons \u00e0 la pr\u00e9server. Cette politique explique ce que nous faisons de vos renseignements personnels.<br \/>2. Le consentement \u00e0 l\u2019utilisation de cookies conform\u00e9ment aux termes de la pr\u00e9sente politique lorsque vous visitez notre site Web pour la premi\u00e8re fois, nous permet d\u2019utiliser des t\u00e9moins chaque fois que vous visitez notre site Web.<\/p>\n<h2>B. Types de donn\u00e9es collect\u00e9es ?<\/h2>\n<p>Si vous visitez notre site, les donn\u00e9es suivantes peuvent \u00eatre collect\u00e9es, stock\u00e9es et utilis\u00e9es :<br \/>1. Des informations sur votre ordinateur, y compris votre adresse IP, votre localisation g\u00e9ographique, votre num\u00e9ro de t\u00e9l\u00e9phone, le type, la version de votre navigateur internet et le syst\u00e8me d\u2019exploitation utilis\u00e9.<br \/>2. Les informations concernant le nombre de visites et votre utilisation de ce site Web, y compris la source r\u00e9f\u00e9rente, la dur\u00e9e de la visite, les pages vues et les chemins de navigation du site Web.<br \/>3. Les informations que vous saisissez lors de votre inscription sur notre site Web, telles que votre adresse email.<br \/>4. Les informations que vous saisissez lorsque vous compl\u00e9tez un formulaire de contact, lorsque vous communiquez via le chat avec nos \u00e9quipes, lorsque vous demandez un rappel t\u00e9l\u00e9phonique ou lorsque vous prenez rendez-vous. (Informations n\u00e9cessaires pour r\u00e9aliser l\u2019interaction demand\u00e9e : Nom, Pr\u00e9nom, num\u00e9ro de t\u00e9l\u00e9phone, adresse email, date de naissance, genre, pr\u00e9cisions sur la demande, etc.)<br \/>5. Les informations que vous saisissez pour vous abonner \u00e0 nos e-mails et\/ou nos bulletins d\u2019information.<br \/>6. Les informations que vous affichez sur notre site Web avec l\u2019intention de publier sur internet (publication de commentaires).<br \/>7. Toute autre information personnelle que vous nous envoyez.<\/p>\n<h2>C. Utilisation de donn\u00e9es personnelles<\/h2>\n<p>Les renseignements personnels qui nous sont soumis par l\u2019entremise de notre site Web seront utilis\u00e9s aux fins pr\u00e9cis\u00e9es dans la pr\u00e9sente politique ou sur les pages pertinentes du site Web.<br \/>Nous pouvons utiliser vos renseignements personnels aux fins suivantes :<br \/>1. Administrer notre site Web et nos activit\u00e9s<br \/>2. Personnaliser de notre site Web pour vous<br \/>3. Permettre votre utilisation des services disponibles sur notre site Web<br \/>4. Fournir les services demand\u00e9s par l\u2019interm\u00e9diaire de notre site Web<br \/>5. Vous envoyer des communications commerciales et\/ou marketing<br \/>6. Vous envoyer des notifications par e-mail que vous avez sp\u00e9cifiquement demand\u00e9.<br \/>7. En vous envoyant notre newsletter par courriel si vous vous y \u00eates inscrit (vous pouvez vous d\u00e9sabonner \u00e0 tout moment).<br \/>8. Traiter les demandes de renseignements et les plaintes formul\u00e9es par vous ou \u00e0 votre sujet relativement \u00e0 ce qui suit : notre site web<br \/>9 : Garder notre site Web s\u00e9curis\u00e9 et pr\u00e9venir la fraude.<br \/>10. V\u00e9rifier le respect des conditions r\u00e9gissant l\u2019utilisation des services de notre site Web<br \/>11. Organiser des jeux concours<br \/>12. G\u00e9rer les demandes de droit d\u2019acc\u00e8s, de rectification, d\u2019opposition.<br \/>13. Autres utilisations<br \/>Nous ne fournirons pas, sans votre consentement explicite, vos renseignements personnels \u00e0 toute tierce partie pour leur marketing direct ou celui d\u2019une autre tierce partie<\/p>\n<h2>D. Divulgation de renseignements personnels<\/h2>\n<p>Nous pouvons divulguer vos renseignements personnels \u00e0 nos employ\u00e9s ou dirigeants, nos assureurs, nos conseillers professionnels, nos agents, nos fournisseurs ou sous-traitants de fa\u00e7on raisonnable et lorsque c\u2019est n\u00e9cessaire aux fins \u00e9nonc\u00e9es dans la pr\u00e9sente politique<br \/>Nous nous r\u00e9servons toutefois le droit d\u2019utiliser vos donn\u00e9es personnelles ou de les rendre publiques, si la loi l\u2019exige, si la sauvegarde de l\u2019int\u00e9grit\u00e9 du site web le n\u00e9cessite, pour acc\u00e9der \u00e0 votre demande, ou pour collaborer \u00e0 une proc\u00e9dure judiciaire ou affaire int\u00e9ressante d\u2019ordre public<br \/>\u00c0 l\u2019exception de ce qui est pr\u00e9vu dans la pr\u00e9sente politique, nous ne fournirons pas vos renseignements personnels \u00e0 de tierces personnes.<\/p>\n<h2>E. Utilisation de Cookies<\/h2>\n<p>1. Dur\u00e9e de conservation des cookies<br \/>Nous utilisons des cookies pour vous garantir la meilleure exp\u00e9rience sur notre site.<br \/>Google Analytics : Ces cookies r\u00e9coltent des informations anonymes sur la mani\u00e8re dont vous utilisez notre site Internet en tant que visiteur. L\u2019objectif est d\u2019am\u00e9liorer notre site Internet et de mieux l\u2019adapter aux besoins des visiteurs. Nous ne recueillons pas de donn\u00e9es \u00e0 caract\u00e8re personnel. Dur\u00e9e de conservation des informations : 38 mois.<br \/>2. Finalit\u00e9 des cookies<br \/>Les cookies peuvent \u00eatre utilis\u00e9s pour des fins statistiques notamment pour optimiser les services rendus \u00e0 l\u2019Utilisateur, \u00e0 partir du traitement des informations concernant la fr\u00e9quence d\u2019acc\u00e8s, la personnalisation des pages ainsi que les op\u00e9rations r\u00e9alis\u00e9es et les informations consult\u00e9es.<br \/>Vous \u00eates inform\u00e9 que l\u2019\u00e9diteur de ce site web est susceptible de d\u00e9poser des cookies sur votre terminal. Le cookie enregistre des informations relatives \u00e0 la navigation sur le service (les pages que vous avez consult\u00e9es, la date et l\u2019heure de la consultation\u2026) que nous pourrons lire lors de vos visites ult\u00e9rieures.<br \/>3. Droit de l\u2019Utilisateur de refuser les cookies<br \/>Vous reconnaissez avoir \u00e9t\u00e9 inform\u00e9 que l\u2019\u00c9diteur de ce site web peut avoir recours \u00e0 des cookies. Si vous ne souhaitez pas que des cookies soient utilis\u00e9s sur votre terminal, la plupart des navigateurs vous permettent de d\u00e9sactiver les cookies en passant par les options de r\u00e9glage.<\/p>\n<h2>F. Conservation des donn\u00e9es techniques<\/h2>\n<p>1. Dur\u00e9e de conservation des donn\u00e9es techniques<br \/>Les donn\u00e9es techniques sont conserv\u00e9es pour la dur\u00e9e strictement n\u00e9cessaire \u00e0 la r\u00e9alisation des finalit\u00e9s vis\u00e9es ci-avant.<\/p>\n<h2>G. D\u00e9lai de conservation des donn\u00e9es personnelles et d\u2019anonymisation<\/h2>\n<p>1. Conservation des donn\u00e9es pendant la dur\u00e9e de la relation contractuelle<br \/>Les donn\u00e9es \u00e0 caract\u00e8re personnel faisant l\u2019objet d\u2019un traitement ne sont pas conserv\u00e9es au-del\u00e0 du temps n\u00e9cessaire \u00e0 l\u2019ex\u00e9cution des obligations d\u00e9finies lors de la conclusion du contrat ou de la dur\u00e9e pr\u00e9d\u00e9finie de la relation contractuelle.<br \/>2. Conservation des donn\u00e9es anonymis\u00e9es au-del\u00e0 de la relation contractuelle \/ apr\u00e8s la suppression du compte client.<br \/>Nous conservons les donn\u00e9es personnelles pour la dur\u00e9e strictement n\u00e9cessaire \u00e0 la r\u00e9alisation des finalit\u00e9s d\u00e9crites dans la pr\u00e9sente politique de confidentialit\u00e9. Au-del\u00e0 de cette dur\u00e9e, elles seront anonymis\u00e9es et conserv\u00e9es \u00e0 des fins exclusivement statistiques et ne donneront lieu \u00e0 aucune exploitation, de quelque nature que ce soit.<br \/>3. Suppression des donn\u00e9es apr\u00e8s suppression du compte<br \/>Des moyens de purge de donn\u00e9es sont mis en place afin d\u2019en pr\u00e9voir la suppression effective d\u00e8s lors que la dur\u00e9e de conservation ou d\u2019archivage n\u00e9cessaire \u00e0 l\u2019accomplissement des finalit\u00e9s d\u00e9termin\u00e9es ou impos\u00e9es est atteinte. Vous disposez par ailleurs d\u2019un droit de suppression sur vos donn\u00e9es que vous pouvez exercer \u00e0 tout moment en prenant contact avec l\u2019\u00c9diteur de ce site internet.<\/p>\n<h2>H. Modifications de la pr\u00e9sente politique de confidentialit\u00e9<\/h2>\n<p>Nous pouvons mettre \u00e0 jour cette politique de temps \u00e0 autre en publiant une nouvelle version sur notre site Web.<\/p>\n<h2>I. Information de l\u2019Utilisateur en cas de faille de s\u00e9curit\u00e9<\/h2>\n<p>Nous nous engageons \u00e0 mettre en \u0153uvre toutes les mesures techniques et organisationnelles appropri\u00e9es afin de garantir un niveau de s\u00e9curit\u00e9 adapt\u00e9 au regard des risques d\u2019acc\u00e8s accidentels, non autoris\u00e9s ou ill\u00e9gaux, de divulgation, d\u2019alt\u00e9ration, de perte ou encore de destruction des donn\u00e9es personnelles vous concernant. Dans l\u2019\u00e9ventualit\u00e9 o\u00f9 nous prendrions connaissance d\u2019un acc\u00e8s ill\u00e9gal aux donn\u00e9es personnelles vous concernant stock\u00e9es sur nos serveurs ou ceux de nos prestataires, ou d\u2019un acc\u00e8s non autoris\u00e9 ayant pour cons\u00e9quence la r\u00e9alisation des risques identifi\u00e9s ci-dessus, nous nous engageons \u00e0 :<br \/>1. Vous notifier l\u2019incident dans les plus brefs d\u00e9lais ;<br \/>2. Examiner les causes de l\u2019incident et vous en informer ;<br \/>3. Prendre les mesures n\u00e9cessaires dans la limite du raisonnable afin d\u2019amoindrir les effets n\u00e9gatifs et pr\u00e9judices pouvant r\u00e9sulter dudit incident<\/p>\n<h2>J. Limitation de la responsabilit\u00e9<\/h2>\n<p>En aucun cas les engagements d\u00e9finis aux points ci-dessus relatifs \u00e0 la notification en cas de faille de s\u00e9curit\u00e9 ne peuvent \u00eatre assimil\u00e9s \u00e0 une quelconque reconnaissance de faute ou de responsabilit\u00e9 quant \u00e0 la survenance de l\u2019incident en question.<\/p>\n<h2>K. Acc\u00e8s et portabilit\u00e9 des donn\u00e9es<\/h2>\n<p>\u00c0 tout moment, vous pouvez demander acc\u00e8s \u00e0 vos donn\u00e9es \u00e0 caract\u00e8re personnel, vous avez \u00e9galement le droit de rectification, modification ou effacement de vos donn\u00e9es. Une copie de vos donn\u00e9es peut \u00e9galement vous \u00eatre fournie. Ces donn\u00e9es devront \u00eatre fournies dans un format ouvert et ais\u00e9ment r\u00e9utilisable.<\/p>\n<h2>L. Informations pr\u00e9alables avant la fusion \/ acquisition<\/h2>\n<p>Dans le cas o\u00f9 nous prendrions part \u00e0 une op\u00e9ration de fusion, d\u2019acquisition ou \u00e0 toute autre forme de cession d\u2019actifs, nous nous engageons \u00e0 garantir la confidentialit\u00e9 de vos donn\u00e9es personnelles et \u00e0 vous informer avant que celles-ci ne soient transf\u00e9r\u00e9es ou soumises \u00e0 de nouvelles r\u00e8gles de confidentialit\u00e9.<\/p>\n<h2>M. Plainte<\/h2>\n<p>Vous avez le droit d\u2019introduire une r\u00e9clamation aupr\u00e8s de l\u2019autorit\u00e9 de protection des donn\u00e9es :\u00a0<a href=\"https:\/\/www.autoriteprotectiondonnees.be\/citoyen\" target=\"_blank\" rel=\"noopener\">https:\/\/autoriteprotectiondonnees.be\/citoyen<\/a><\/p>\n<p>[\/et_pb_text][\/et_pb_column][\/et_pb_row][\/et_pb_section]<\/p>\n","protected":false},"excerpt":{"rendered":"<p>Politique de confidentialit\u00e9A. Introduction 1. La vie priv\u00e9e des visiteurs de notre site Web est tr\u00e8s importante pour nous, et nous nous engageons \u00e0 la pr\u00e9server. Cette politique explique ce que nous faisons de vos renseignements personnels.2. Le consentement \u00e0 l\u2019utilisation de cookies conform\u00e9ment aux termes de la pr\u00e9sente politique lorsque vous visitez notre site [&hellip;]<\/p>\n","protected":false},"author":2,"featured_media":0,"parent":0,"menu_order":0,"comment_status":"closed","ping_status":"closed","template":"","meta":{"_et_pb_use_builder":"on","_et_pb_old_content":"","_et_gb_content_width":"","footnotes":""},"class_list":["post-987504922","page","type-page","status-publish","hentry"],"yoast_head":"<!-- This site is optimized with the Yoast SEO plugin v26.8 - https:\/\/yoast.com\/product\/yoast-seo-wordpress\/ -->\n<title>Politique de confidentialit\u00e9 - Biofrish vom Emmerich<\/title>\n<meta name=\"robots\" content=\"index, follow, max-snippet:-1, max-image-preview:large, max-video-preview:-1\" \/>\n<link rel=\"canonical\" href=\"https:\/\/biofrischvomemmerich.be\/nl\/politique-de-confidentialite\/\" \/>\n<meta property=\"og:locale\" content=\"nl_NL\" \/>\n<meta property=\"og:type\" content=\"article\" \/>\n<meta property=\"og:title\" content=\"Politique de confidentialit\u00e9 - Biofrish vom Emmerich\" \/>\n<meta property=\"og:description\" content=\"Politique de confidentialit\u00e9A. Introduction 1. La vie priv\u00e9e des visiteurs de notre site Web est tr\u00e8s importante pour nous, et nous nous engageons \u00e0 la pr\u00e9server. Cette politique explique ce que nous faisons de vos renseignements personnels.2. Le consentement \u00e0 l\u2019utilisation de cookies conform\u00e9ment aux termes de la pr\u00e9sente politique lorsque vous visitez notre site [&hellip;]\" \/>\n<meta property=\"og:url\" content=\"https:\/\/biofrischvomemmerich.be\/nl\/politique-de-confidentialite\/\" \/>\n<meta property=\"og:site_name\" content=\"Biofrish vom Emmerich\" \/>\n<meta property=\"article:modified_time\" content=\"2024-06-27T15:37:49+00:00\" \/>\n<meta name=\"twitter:card\" content=\"summary_large_image\" \/>\n<script type=\"application\/ld+json\" class=\"yoast-schema-graph\">{\"@context\":\"https:\/\/schema.org\",\"@graph\":[{\"@type\":\"WebPage\",\"@id\":\"https:\/\/biofrischvomemmerich.be\/nl\/politique-de-confidentialite\/\",\"url\":\"https:\/\/biofrischvomemmerich.be\/nl\/politique-de-confidentialite\/\",\"name\":\"Politique de confidentialit\u00e9 - Biofrish vom Emmerich\",\"isPartOf\":{\"@id\":\"https:\/\/biofrischvomemmerich.be\/nl\/#website\"},\"datePublished\":\"2024-05-01T16:37:09+00:00\",\"dateModified\":\"2024-06-27T15:37:49+00:00\",\"breadcrumb\":{\"@id\":\"https:\/\/biofrischvomemmerich.be\/nl\/politique-de-confidentialite\/#breadcrumb\"},\"inLanguage\":\"nl-NL\",\"potentialAction\":[{\"@type\":\"ReadAction\",\"target\":[\"https:\/\/biofrischvomemmerich.be\/nl\/politique-de-confidentialite\/\"]}]},{\"@type\":\"BreadcrumbList\",\"@id\":\"https:\/\/biofrischvomemmerich.be\/nl\/politique-de-confidentialite\/#breadcrumb\",\"itemListElement\":[{\"@type\":\"ListItem\",\"position\":1,\"name\":\"Accueil\",\"item\":\"https:\/\/biofrischvomemmerich.be\/nl\/\"},{\"@type\":\"ListItem\",\"position\":2,\"name\":\"Politique de confidentialit\u00e9\"}]},{\"@type\":\"WebSite\",\"@id\":\"https:\/\/biofrischvomemmerich.be\/nl\/#website\",\"url\":\"https:\/\/biofrischvomemmerich.be\/nl\/\",\"name\":\"Biofrish vom Emmerich\",\"description\":\"\",\"publisher\":{\"@id\":\"https:\/\/biofrischvomemmerich.be\/nl\/#organization\"},\"potentialAction\":[{\"@type\":\"SearchAction\",\"target\":{\"@type\":\"EntryPoint\",\"urlTemplate\":\"https:\/\/biofrischvomemmerich.be\/nl\/?s={search_term_string}\"},\"query-input\":{\"@type\":\"PropertyValueSpecification\",\"valueRequired\":true,\"valueName\":\"search_term_string\"}}],\"inLanguage\":\"nl-NL\"},{\"@type\":\"Organization\",\"@id\":\"https:\/\/biofrischvomemmerich.be\/nl\/#organization\",\"name\":\"Biofrish vom Emmerich\",\"url\":\"https:\/\/biofrischvomemmerich.be\/nl\/\",\"logo\":{\"@type\":\"ImageObject\",\"inLanguage\":\"nl-NL\",\"@id\":\"https:\/\/biofrischvomemmerich.be\/nl\/#\/schema\/logo\/image\/\",\"url\":\"https:\/\/biofrischvomemmerich.be\/wp-content\/uploads\/2024\/04\/logo-biofrischvomemmerich.png\",\"contentUrl\":\"https:\/\/biofrischvomemmerich.be\/wp-content\/uploads\/2024\/04\/logo-biofrischvomemmerich.png\",\"width\":300,\"height\":300,\"caption\":\"Biofrish vom Emmerich\"},\"image\":{\"@id\":\"https:\/\/biofrischvomemmerich.be\/nl\/#\/schema\/logo\/image\/\"}}]}<\/script>\n<!-- \/ Yoast SEO plugin. -->","yoast_head_json":{"title":"Politique de confidentialit\u00e9 - Biofrish vom Emmerich","robots":{"index":"index","follow":"follow","max-snippet":"max-snippet:-1","max-image-preview":"max-image-preview:large","max-video-preview":"max-video-preview:-1"},"canonical":"https:\/\/biofrischvomemmerich.be\/nl\/politique-de-confidentialite\/","og_locale":"nl_NL","og_type":"article","og_title":"Politique de confidentialit\u00e9 - Biofrish vom Emmerich","og_description":"Politique de confidentialit\u00e9A. Introduction 1. La vie priv\u00e9e des visiteurs de notre site Web est tr\u00e8s importante pour nous, et nous nous engageons \u00e0 la pr\u00e9server. Cette politique explique ce que nous faisons de vos renseignements personnels.2. Le consentement \u00e0 l\u2019utilisation de cookies conform\u00e9ment aux termes de la pr\u00e9sente politique lorsque vous visitez notre site [&hellip;]","og_url":"https:\/\/biofrischvomemmerich.be\/nl\/politique-de-confidentialite\/","og_site_name":"Biofrish vom Emmerich","article_modified_time":"2024-06-27T15:37:49+00:00","twitter_card":"summary_large_image","schema":{"@context":"https:\/\/schema.org","@graph":[{"@type":"WebPage","@id":"https:\/\/biofrischvomemmerich.be\/nl\/politique-de-confidentialite\/","url":"https:\/\/biofrischvomemmerich.be\/nl\/politique-de-confidentialite\/","name":"Politique de confidentialit\u00e9 - Biofrish vom Emmerich","isPartOf":{"@id":"https:\/\/biofrischvomemmerich.be\/nl\/#website"},"datePublished":"2024-05-01T16:37:09+00:00","dateModified":"2024-06-27T15:37:49+00:00","breadcrumb":{"@id":"https:\/\/biofrischvomemmerich.be\/nl\/politique-de-confidentialite\/#breadcrumb"},"inLanguage":"nl-NL","potentialAction":[{"@type":"ReadAction","target":["https:\/\/biofrischvomemmerich.be\/nl\/politique-de-confidentialite\/"]}]},{"@type":"BreadcrumbList","@id":"https:\/\/biofrischvomemmerich.be\/nl\/politique-de-confidentialite\/#breadcrumb","itemListElement":[{"@type":"ListItem","position":1,"name":"Accueil","item":"https:\/\/biofrischvomemmerich.be\/nl\/"},{"@type":"ListItem","position":2,"name":"Politique de confidentialit\u00e9"}]},{"@type":"WebSite","@id":"https:\/\/biofrischvomemmerich.be\/nl\/#website","url":"https:\/\/biofrischvomemmerich.be\/nl\/","name":"Biofrish vom Emmerich","description":"","publisher":{"@id":"https:\/\/biofrischvomemmerich.be\/nl\/#organization"},"potentialAction":[{"@type":"SearchAction","target":{"@type":"EntryPoint","urlTemplate":"https:\/\/biofrischvomemmerich.be\/nl\/?s={search_term_string}"},"query-input":{"@type":"PropertyValueSpecification","valueRequired":true,"valueName":"search_term_string"}}],"inLanguage":"nl-NL"},{"@type":"Organization","@id":"https:\/\/biofrischvomemmerich.be\/nl\/#organization","name":"Biofrish vom Emmerich","url":"https:\/\/biofrischvomemmerich.be\/nl\/","logo":{"@type":"ImageObject","inLanguage":"nl-NL","@id":"https:\/\/biofrischvomemmerich.be\/nl\/#\/schema\/logo\/image\/","url":"https:\/\/biofrischvomemmerich.be\/wp-content\/uploads\/2024\/04\/logo-biofrischvomemmerich.png","contentUrl":"https:\/\/biofrischvomemmerich.be\/wp-content\/uploads\/2024\/04\/logo-biofrischvomemmerich.png","width":300,"height":300,"caption":"Biofrish vom Emmerich"},"image":{"@id":"https:\/\/biofrischvomemmerich.be\/nl\/#\/schema\/logo\/image\/"}}]}},"_links":{"self":[{"href":"https:\/\/biofrischvomemmerich.be\/nl\/wp-json\/wp\/v2\/pages\/987504922","targetHints":{"allow":["GET"]}}],"collection":[{"href":"https:\/\/biofrischvomemmerich.be\/nl\/wp-json\/wp\/v2\/pages"}],"about":[{"href":"https:\/\/biofrischvomemmerich.be\/nl\/wp-json\/wp\/v2\/types\/page"}],"author":[{"embeddable":true,"href":"https:\/\/biofrischvomemmerich.be\/nl\/wp-json\/wp\/v2\/users\/2"}],"replies":[{"embeddable":true,"href":"https:\/\/biofrischvomemmerich.be\/nl\/wp-json\/wp\/v2\/comments?post=987504922"}],"version-history":[{"count":1,"href":"https:\/\/biofrischvomemmerich.be\/nl\/wp-json\/wp\/v2\/pages\/987504922\/revisions"}],"predecessor-version":[{"id":987505039,"href":"https:\/\/biofrischvomemmerich.be\/nl\/wp-json\/wp\/v2\/pages\/987504922\/revisions\/987505039"}],"wp:attachment":[{"href":"https:\/\/biofrischvomemmerich.be\/nl\/wp-json\/wp\/v2\/media?parent=987504922"}],"curies":[{"name":"wp","href":"https:\/\/api.w.org\/{rel}","templated":true}]}}